{"id":3210,"date":"2023-12-27T19:10:17","date_gmt":"2023-12-27T19:10:17","guid":{"rendered":"https:\/\/hemmaspanska.se\/?page_id=3210"},"modified":"2025-03-23T15:13:22","modified_gmt":"2025-03-23T15:13:22","slug":"kurser","status":"publish","type":"page","link":"https:\/\/hemmaspanska.se\/?page_id=3210","title":{"rendered":"Kurser"},"content":{"rendered":"\t\t<div data-elementor-type=\"wp-page\" data-elementor-id=\"3210\" class=\"elementor elementor-3210\">\n\t\t\t\t\t\t\t<div class=\"elementor-element elementor-element-a008835 e-con-full e-flex e-con e-parent\" data-id=\"a008835\" data-element_type=\"container\" data-settings=\"{&quot;content_width&quot;:&quot;full&quot;}\" data-core-v316-plus=\"true\">\n\t\t\t\t<div class=\"elementor-element elementor-element-fc904ca elementor-widget elementor-widget-heading\" data-id=\"fc904ca\" data-element_type=\"widget\" data-widget_type=\"heading.default\">\n\t\t\t\t<div class=\"elementor-widget-container\">\n\t\t\t<style>\/*! elementor - v3.18.0 - 20-12-2023 *\/\n.elementor-heading-title{padding:0;margin:0;line-height:1}.elementor-widget-heading .elementor-heading-title[class*=elementor-size-]>a{color:inherit;font-size:inherit;line-height:inherit}.elementor-widget-heading .elementor-heading-title.elementor-size-small{font-size:15px}.elementor-widget-heading .elementor-heading-title.elementor-size-medium{font-size:19px}.elementor-widget-heading .elementor-heading-title.elementor-size-large{font-size:29px}.elementor-widget-heading .elementor-heading-title.elementor-size-xl{font-size:39px}.elementor-widget-heading .elementor-heading-title.elementor-size-xxl{font-size:59px}<\/style><h2 class=\"elementor-heading-title elementor-size-small\">Kurser <\/h2>\t\t<\/div>\n\t\t\t\t<\/div>\n\t\t<div class=\"elementor-element elementor-element-9362eb0 e-flex e-con-boxed e-con e-child\" data-id=\"9362eb0\" data-element_type=\"container\" data-settings=\"{&quot;content_width&quot;:&quot;boxed&quot;}\">\n\t\t\t\t\t<div class=\"e-con-inner\">\n\t\t\t\t<div class=\"elementor-element elementor-element-2a06c1c elementor-widget__width-inherit elementor-widget elementor-widget-text-editor\" data-id=\"2a06c1c\" data-element_type=\"widget\" data-widget_type=\"text-editor.default\">\n\t\t\t\t<div class=\"elementor-widget-container\">\n\t\t\t<style>\/*! elementor - v3.18.0 - 20-12-2023 *\/\n.elementor-widget-text-editor.elementor-drop-cap-view-stacked .elementor-drop-cap{background-color:#69727d;color:#fff}.elementor-widget-text-editor.elementor-drop-cap-view-framed .elementor-drop-cap{color:#69727d;border:3px solid;background-color:transparent}.elementor-widget-text-editor:not(.elementor-drop-cap-view-default) .elementor-drop-cap{margin-top:8px}.elementor-widget-text-editor:not(.elementor-drop-cap-view-default) .elementor-drop-cap-letter{width:1em;height:1em}.elementor-widget-text-editor .elementor-drop-cap{float:left;text-align:center;line-height:1;font-size:50px}.elementor-widget-text-editor .elementor-drop-cap-letter{display:inline-block}<\/style>\t\t\t\t<i><span style=\"font-size: 18px; font-family: ABeeZee; letter-spacing: -0.55pt;\">I dagsl\u00e4get erbjuds\u00a0 tv\u00e5 slags kurser: <strong>ALLM\u00c4N SPANSKA<\/strong> och <strong>KONVERSATION<\/strong>.\nMen, h\u00f6r g\u00e4rna av er om ni \u00e4r en grupp som har andra id\u00e9er eller \u00f6nskem\u00e5l; en bokcirkel, filmklubb etc, jag tycker det \u00e4r kul att prova annorlunda metoder f\u00f6r att l\u00e4ra spr\u00e5k.<\/span><\/i>\n<p style=\"margin-bottom: 8.4pt; background-image: initial; background-position: initial; background-size: initial; background-repeat: initial; background-attachment: initial; background-origin: initial; background-clip: initial;\"><i><span style=\"font-size: 18px; font-family: ABeeZee; letter-spacing: -0.55pt;\"><strong>ALLM\u00c4N SPANSKA:<\/strong> 55 min, h\u00e4r \u00f6vas alla f\u00e4rdigheter: Prata, Lyssna, L\u00e4sa och\nSkriva. Under lektionerna ligger fokus p\u00e5 att Prata och Lyssna; L\u00e4sa och Skriva\ng\u00f6r deltagarna hemma.\n1-6 deltagare.\nV\u00e4lj mellan en 10-veckorskurs eller en 20-veckorskurs.<\/span><\/i><\/p>\n<p style=\"margin-bottom: 8.4pt; background-image: initial; background-position: initial; background-size: initial; background-repeat: initial; background-attachment: initial; background-origin: initial; background-clip: initial;\"><i><span style=\"letter-spacing: -0.55pt; font-size: 18px; font-family: ABeeZee;\">\u00a0<\/span><\/i><\/p>\n<p style=\"margin-bottom: 8.4pt; background-image: initial; background-position: initial; background-size: initial; background-repeat: initial; background-attachment: initial; background-origin: initial; background-clip: initial;\"><i><span style=\"font-size: 18px; font-family: ABeeZee; letter-spacing: -0.55pt;\"><strong>KONVERSATION<\/strong>: 45 min, endast prat: dialoger, debatter, presentationer,\ndiskussioner, telefonsamtal, p\u00e5 banken, hos tandl\u00e4karen osv. H\u00e4r ing\u00e5r s\u00e5 klart\nVokabul\u00e4r ocks\u00e5, t ex specifikt f\u00f6r tandl\u00e4karbes\u00f6k.\n1-6 deltagare.\n<\/span><\/i><i style=\"letter-spacing: -0.7px;\"><span style=\"font-size: 18px; font-family: ABeeZee; letter-spacing: -0.55pt;\">V\u00e4lj mellan en 10-veckorskurs eller en 20-veckorskurs.<\/span><\/i><i><span style=\"font-size: 18px; font-family: ABeeZee; letter-spacing: -0.55pt;\">\n<\/span><\/i><\/p>\n<p style=\"margin-bottom: 8.4pt; background-image: initial; background-position: initial; background-size: initial; background-repeat: initial; background-attachment: initial; background-origin: initial; background-clip: initial;\"><i><span style=\"font-size: 18px; font-family: ABeeZee; letter-spacing: -0.55pt;\">Som sagt, hoppas jag kunna hj\u00e4lpa er n\u00e5r era m\u00e5l med spanskan, detta kommer att ta olika l\u00e5ng tid beroende p\u00e5 m\u00e5nga faktorer; men en av de viktigaste faktorerna \u00e4r uth\u00e5llighet! Det TAR tid att l\u00e4ra sig spr\u00e5k, s\u00e4rskilt f\u00f6r oss som inte \u00e4r tjugo \u00e5r l\u00e4ngre&#8230;<\/span><\/i><\/p>\t\t\t\t\t\t<\/div>\n\t\t\t\t<\/div>\n\t\t\t\t\t<\/div>\n\t\t\t\t<\/div>\n\t\t\t\t<\/div>\n\t\t<div class=\"elementor-element elementor-element-6134561 e-con-full e-flex e-con e-parent\" data-id=\"6134561\" data-element_type=\"container\" data-settings=\"{&quot;content_width&quot;:&quot;full&quot;}\" data-core-v316-plus=\"true\">\n\t\t\t\t<div class=\"elementor-element elementor-element-7108940 elementor-widget elementor-widget-image-gallery\" data-id=\"7108940\" data-element_type=\"widget\" data-widget_type=\"image-gallery.default\">\n\t\t\t\t<div class=\"elementor-widget-container\">\n\t\t\t<style>\/*! elementor - v3.18.0 - 20-12-2023 *\/\n.elementor-image-gallery .gallery-item{display:inline-block;text-align:center;vertical-align:top;width:100%;max-width:100%;margin:0 auto}.elementor-image-gallery .gallery-item img{margin:0 auto}.elementor-image-gallery .gallery-item .gallery-caption{margin:0}.elementor-image-gallery figure img{display:block}.elementor-image-gallery figure figcaption{width:100%}.gallery-spacing-custom .elementor-image-gallery .gallery-icon{padding:0}@media (min-width:768px){.elementor-image-gallery .gallery-columns-2 .gallery-item{max-width:50%}.elementor-image-gallery .gallery-columns-3 .gallery-item{max-width:33.33%}.elementor-image-gallery .gallery-columns-4 .gallery-item{max-width:25%}.elementor-image-gallery .gallery-columns-5 .gallery-item{max-width:20%}.elementor-image-gallery .gallery-columns-6 .gallery-item{max-width:16.666%}.elementor-image-gallery .gallery-columns-7 .gallery-item{max-width:14.28%}.elementor-image-gallery .gallery-columns-8 .gallery-item{max-width:12.5%}.elementor-image-gallery .gallery-columns-9 .gallery-item{max-width:11.11%}.elementor-image-gallery .gallery-columns-10 .gallery-item{max-width:10%}}@media (min-width:480px) and (max-width:767px){.elementor-image-gallery .gallery.gallery-columns-2 .gallery-item,.elementor-image-gallery .gallery.gallery-columns-3 .gallery-item,.elementor-image-gallery .gallery.gallery-columns-4 .gallery-item,.elementor-image-gallery .gallery.gallery-columns-5 .gallery-item,.elementor-image-gallery .gallery.gallery-columns-6 .gallery-item,.elementor-image-gallery .gallery.gallery-columns-7 .gallery-item,.elementor-image-gallery .gallery.gallery-columns-8 .gallery-item,.elementor-image-gallery .gallery.gallery-columns-9 .gallery-item,.elementor-image-gallery .gallery.gallery-columns-10 .gallery-item{max-width:50%}}@media (max-width:479px){.elementor-image-gallery .gallery.gallery-columns-2 .gallery-item,.elementor-image-gallery .gallery.gallery-columns-3 .gallery-item,.elementor-image-gallery .gallery.gallery-columns-4 .gallery-item,.elementor-image-gallery .gallery.gallery-columns-5 .gallery-item,.elementor-image-gallery .gallery.gallery-columns-6 .gallery-item,.elementor-image-gallery .gallery.gallery-columns-7 .gallery-item,.elementor-image-gallery .gallery.gallery-columns-8 .gallery-item,.elementor-image-gallery .gallery.gallery-columns-9 .gallery-item,.elementor-image-gallery .gallery.gallery-columns-10 .gallery-item{max-width:100%}}<\/style>\t\t<div class=\"elementor-image-gallery\">\n\t\t\t<div id='gallery-1' class='gallery galleryid-3210 gallery-columns-10 gallery-size-thumbnail'><figure class='gallery-item'>\n\t\t\t<div class='gallery-icon portrait'>\n\t\t\t\t<a data-elementor-open-lightbox=\"yes\" data-elementor-lightbox-slideshow=\"7108940\" data-elementor-lightbox-title=\"IMG_1827\" data-e-action-hash=\"#elementor-action%3Aaction%3Dlightbox%26settings%3DeyJpZCI6MzIxNywidXJsIjoiaHR0cHM6XC9cL2hlbW1hc3BhbnNrYS5zZVwvd3AtY29udGVudFwvdXBsb2Fkc1wvMjAyM1wvMTJcL0lNR18xODI3LXNjYWxlZC5qcGciLCJzbGlkZXNob3ciOiI3MTA4OTQwIn0%3D\" href='https:\/\/hemmaspanska.se\/wp-content\/uploads\/2023\/12\/IMG_1827-scaled.jpg'><img decoding=\"async\" width=\"150\" height=\"150\" src=\"https:\/\/hemmaspanska.se\/wp-content\/uploads\/2023\/12\/IMG_1827-150x150.jpg\" class=\"attachment-thumbnail size-thumbnail\" alt=\"\" srcset=\"https:\/\/hemmaspanska.se\/wp-content\/uploads\/2023\/12\/IMG_1827-150x150.jpg 150w, https:\/\/hemmaspanska.se\/wp-content\/uploads\/2023\/12\/IMG_1827-300x300.jpg 300w, https:\/\/hemmaspanska.se\/wp-content\/uploads\/2023\/12\/IMG_1827-100x100.jpg 100w\" sizes=\"(max-width: 150px) 100vw, 150px\" \/><\/a>\n\t\t\t<\/div><\/figure><figure class='gallery-item'>\n\t\t\t<div class='gallery-icon portrait'>\n\t\t\t\t<a data-elementor-open-lightbox=\"yes\" data-elementor-lightbox-slideshow=\"7108940\" data-elementor-lightbox-title=\"IMG_2663\" data-e-action-hash=\"#elementor-action%3Aaction%3Dlightbox%26settings%3DeyJpZCI6MzE4MSwidXJsIjoiaHR0cHM6XC9cL2hlbW1hc3BhbnNrYS5zZVwvd3AtY29udGVudFwvdXBsb2Fkc1wvMjAyM1wvMTJcL0lNR18yNjYzLXNjYWxlZC5qcGciLCJzbGlkZXNob3ciOiI3MTA4OTQwIn0%3D\" href='https:\/\/hemmaspanska.se\/wp-content\/uploads\/2023\/12\/IMG_2663-scaled.jpg'><img decoding=\"async\" width=\"150\" height=\"150\" src=\"https:\/\/hemmaspanska.se\/wp-content\/uploads\/2023\/12\/IMG_2663-150x150.jpg\" class=\"attachment-thumbnail size-thumbnail\" alt=\"\" srcset=\"https:\/\/hemmaspanska.se\/wp-content\/uploads\/2023\/12\/IMG_2663-150x150.jpg 150w, https:\/\/hemmaspanska.se\/wp-content\/uploads\/2023\/12\/IMG_2663-scaled-300x300.jpg 300w, https:\/\/hemmaspanska.se\/wp-content\/uploads\/2023\/12\/IMG_2663-scaled-100x100.jpg 100w\" sizes=\"(max-width: 150px) 100vw, 150px\" \/><\/a>\n\t\t\t<\/div><\/figure><figure class='gallery-item'>\n\t\t\t<div class='gallery-icon portrait'>\n\t\t\t\t<a data-elementor-open-lightbox=\"yes\" data-elementor-lightbox-slideshow=\"7108940\" data-elementor-lightbox-title=\"IMG_9694\" data-e-action-hash=\"#elementor-action%3Aaction%3Dlightbox%26settings%3DeyJpZCI6MzE4MywidXJsIjoiaHR0cHM6XC9cL2hlbW1hc3BhbnNrYS5zZVwvd3AtY29udGVudFwvdXBsb2Fkc1wvMjAyM1wvMTJcL0lNR185Njk0LXNjYWxlZC5qcGciLCJzbGlkZXNob3ciOiI3MTA4OTQwIn0%3D\" href='https:\/\/hemmaspanska.se\/wp-content\/uploads\/2023\/12\/IMG_9694-scaled.jpg'><img decoding=\"async\" width=\"150\" height=\"150\" src=\"https:\/\/hemmaspanska.se\/wp-content\/uploads\/2023\/12\/IMG_9694-150x150.jpg\" class=\"attachment-thumbnail size-thumbnail\" alt=\"\" srcset=\"https:\/\/hemmaspanska.se\/wp-content\/uploads\/2023\/12\/IMG_9694-150x150.jpg 150w, https:\/\/hemmaspanska.se\/wp-content\/uploads\/2023\/12\/IMG_9694-scaled-300x300.jpg 300w, https:\/\/hemmaspanska.se\/wp-content\/uploads\/2023\/12\/IMG_9694-scaled-100x100.jpg 100w\" sizes=\"(max-width: 150px) 100vw, 150px\" \/><\/a>\n\t\t\t<\/div><\/figure><figure class='gallery-item'>\n\t\t\t<div class='gallery-icon landscape'>\n\t\t\t\t<a data-elementor-open-lightbox=\"yes\" data-elementor-lightbox-slideshow=\"7108940\" data-elementor-lightbox-title=\"IMG_6873\" data-e-action-hash=\"#elementor-action%3Aaction%3Dlightbox%26settings%3DeyJpZCI6MzIyMSwidXJsIjoiaHR0cHM6XC9cL2hlbW1hc3BhbnNrYS5zZVwvd3AtY29udGVudFwvdXBsb2Fkc1wvMjAyM1wvMTJcL0lNR182ODczLmpwZyIsInNsaWRlc2hvdyI6IjcxMDg5NDAifQ%3D%3D\" href='https:\/\/hemmaspanska.se\/wp-content\/uploads\/2023\/12\/IMG_6873.jpg'><img loading=\"lazy\" decoding=\"async\" width=\"150\" height=\"150\" src=\"https:\/\/hemmaspanska.se\/wp-content\/uploads\/2023\/12\/IMG_6873-150x150.jpg\" class=\"attachment-thumbnail size-thumbnail\" alt=\"\" srcset=\"https:\/\/hemmaspanska.se\/wp-content\/uploads\/2023\/12\/IMG_6873-150x150.jpg 150w, https:\/\/hemmaspanska.se\/wp-content\/uploads\/2023\/12\/IMG_6873-300x300.jpg 300w, https:\/\/hemmaspanska.se\/wp-content\/uploads\/2023\/12\/IMG_6873-1024x1024.jpg 1024w, https:\/\/hemmaspanska.se\/wp-content\/uploads\/2023\/12\/IMG_6873-768x768.jpg 768w, https:\/\/hemmaspanska.se\/wp-content\/uploads\/2023\/12\/IMG_6873-1536x1536.jpg 1536w, https:\/\/hemmaspanska.se\/wp-content\/uploads\/2023\/12\/IMG_6873-600x600.jpg 600w, https:\/\/hemmaspanska.se\/wp-content\/uploads\/2023\/12\/IMG_6873-100x100.jpg 100w, https:\/\/hemmaspanska.se\/wp-content\/uploads\/2023\/12\/IMG_6873.jpg 2048w\" sizes=\"(max-width: 150px) 100vw, 150px\" \/><\/a>\n\t\t\t<\/div><\/figure><figure class='gallery-item'>\n\t\t\t<div class='gallery-icon landscape'>\n\t\t\t\t<a data-elementor-open-lightbox=\"yes\" data-elementor-lightbox-slideshow=\"7108940\" data-elementor-lightbox-title=\"IMG_9930\" data-e-action-hash=\"#elementor-action%3Aaction%3Dlightbox%26settings%3DeyJpZCI6MzIyNCwidXJsIjoiaHR0cHM6XC9cL2hlbW1hc3BhbnNrYS5zZVwvd3AtY29udGVudFwvdXBsb2Fkc1wvMjAyM1wvMTJcL0lNR185OTMwLXNjYWxlZC5qcGciLCJzbGlkZXNob3ciOiI3MTA4OTQwIn0%3D\" href='https:\/\/hemmaspanska.se\/wp-content\/uploads\/2023\/12\/IMG_9930-scaled.jpg'><img loading=\"lazy\" decoding=\"async\" width=\"150\" height=\"150\" src=\"https:\/\/hemmaspanska.se\/wp-content\/uploads\/2023\/12\/IMG_9930-150x150.jpg\" class=\"attachment-thumbnail size-thumbnail\" alt=\"\" srcset=\"https:\/\/hemmaspanska.se\/wp-content\/uploads\/2023\/12\/IMG_9930-150x150.jpg 150w, https:\/\/hemmaspanska.se\/wp-content\/uploads\/2023\/12\/IMG_9930-300x300.jpg 300w, https:\/\/hemmaspanska.se\/wp-content\/uploads\/2023\/12\/IMG_9930-100x100.jpg 100w\" sizes=\"(max-width: 150px) 100vw, 150px\" \/><\/a>\n\t\t\t<\/div><\/figure><figure class='gallery-item'>\n\t\t\t<div class='gallery-icon landscape'>\n\t\t\t\t<a data-elementor-open-lightbox=\"yes\" data-elementor-lightbox-slideshow=\"7108940\" data-elementor-lightbox-title=\"oranges-fruits-grove-1117628\" data-e-action-hash=\"#elementor-action%3Aaction%3Dlightbox%26settings%3DeyJpZCI6MzE3MSwidXJsIjoiaHR0cHM6XC9cL2hlbW1hc3BhbnNrYS5zZVwvd3AtY29udGVudFwvdXBsb2Fkc1wvMjAyM1wvMTJcL29yYW5nZXMtZnJ1aXRzLWdyb3ZlLTExMTc2MjguanBnIiwic2xpZGVzaG93IjoiNzEwODk0MCJ9\" href='https:\/\/hemmaspanska.se\/wp-content\/uploads\/2023\/12\/oranges-fruits-grove-1117628.jpg'><img loading=\"lazy\" decoding=\"async\" width=\"150\" height=\"150\" src=\"https:\/\/hemmaspanska.se\/wp-content\/uploads\/2023\/12\/oranges-fruits-grove-1117628-150x150.jpg\" class=\"attachment-thumbnail size-thumbnail\" alt=\"oranges, fruits, grove-1117628.jpg\" srcset=\"https:\/\/hemmaspanska.se\/wp-content\/uploads\/2023\/12\/oranges-fruits-grove-1117628-150x150.jpg 150w, https:\/\/hemmaspanska.se\/wp-content\/uploads\/2023\/12\/oranges-fruits-grove-1117628-300x300.jpg 300w, https:\/\/hemmaspanska.se\/wp-content\/uploads\/2023\/12\/oranges-fruits-grove-1117628-100x100.jpg 100w\" sizes=\"(max-width: 150px) 100vw, 150px\" \/><\/a>\n\t\t\t<\/div><\/figure><figure class='gallery-item'>\n\t\t\t<div class='gallery-icon landscape'>\n\t\t\t\t<a data-elementor-open-lightbox=\"yes\" data-elementor-lightbox-slideshow=\"7108940\" data-elementor-lightbox-title=\"IMG_0477\" data-e-action-hash=\"#elementor-action%3Aaction%3Dlightbox%26settings%3DeyJpZCI6MzIxNiwidXJsIjoiaHR0cHM6XC9cL2hlbW1hc3BhbnNrYS5zZVwvd3AtY29udGVudFwvdXBsb2Fkc1wvMjAyM1wvMTJcL0lNR18wNDc3LXNjYWxlZC5qcGciLCJzbGlkZXNob3ciOiI3MTA4OTQwIn0%3D\" href='https:\/\/hemmaspanska.se\/wp-content\/uploads\/2023\/12\/IMG_0477-scaled.jpg'><img loading=\"lazy\" decoding=\"async\" width=\"150\" height=\"150\" src=\"https:\/\/hemmaspanska.se\/wp-content\/uploads\/2023\/12\/IMG_0477-150x150.jpg\" class=\"attachment-thumbnail size-thumbnail\" alt=\"\" srcset=\"https:\/\/hemmaspanska.se\/wp-content\/uploads\/2023\/12\/IMG_0477-150x150.jpg 150w, https:\/\/hemmaspanska.se\/wp-content\/uploads\/2023\/12\/IMG_0477-300x300.jpg 300w, https:\/\/hemmaspanska.se\/wp-content\/uploads\/2023\/12\/IMG_0477-100x100.jpg 100w\" sizes=\"(max-width: 150px) 100vw, 150px\" \/><\/a>\n\t\t\t<\/div><\/figure><figure class='gallery-item'>\n\t\t\t<div class='gallery-icon landscape'>\n\t\t\t\t<a data-elementor-open-lightbox=\"yes\" data-elementor-lightbox-slideshow=\"7108940\" data-elementor-lightbox-title=\"IMG_2527\" data-e-action-hash=\"#elementor-action%3Aaction%3Dlightbox%26settings%3DeyJpZCI6MzIyMCwidXJsIjoiaHR0cHM6XC9cL2hlbW1hc3BhbnNrYS5zZVwvd3AtY29udGVudFwvdXBsb2Fkc1wvMjAyM1wvMTJcL0lNR18yNTI3LXNjYWxlZC5qcGciLCJzbGlkZXNob3ciOiI3MTA4OTQwIn0%3D\" href='https:\/\/hemmaspanska.se\/wp-content\/uploads\/2023\/12\/IMG_2527-scaled.jpg'><img loading=\"lazy\" decoding=\"async\" width=\"150\" height=\"150\" src=\"https:\/\/hemmaspanska.se\/wp-content\/uploads\/2023\/12\/IMG_2527-150x150.jpg\" class=\"attachment-thumbnail size-thumbnail\" alt=\"\" srcset=\"https:\/\/hemmaspanska.se\/wp-content\/uploads\/2023\/12\/IMG_2527-150x150.jpg 150w, https:\/\/hemmaspanska.se\/wp-content\/uploads\/2023\/12\/IMG_2527-300x300.jpg 300w, https:\/\/hemmaspanska.se\/wp-content\/uploads\/2023\/12\/IMG_2527-100x100.jpg 100w\" sizes=\"(max-width: 150px) 100vw, 150px\" \/><\/a>\n\t\t\t<\/div><\/figure><figure class='gallery-item'>\n\t\t\t<div class='gallery-icon landscape'>\n\t\t\t\t<a data-elementor-open-lightbox=\"yes\" data-elementor-lightbox-slideshow=\"7108940\" data-elementor-lightbox-title=\"IMG_2396\" data-e-action-hash=\"#elementor-action%3Aaction%3Dlightbox%26settings%3DeyJpZCI6MzIxOSwidXJsIjoiaHR0cHM6XC9cL2hlbW1hc3BhbnNrYS5zZVwvd3AtY29udGVudFwvdXBsb2Fkc1wvMjAyM1wvMTJcL0lNR18yMzk2LXNjYWxlZC5qcGciLCJzbGlkZXNob3ciOiI3MTA4OTQwIn0%3D\" href='https:\/\/hemmaspanska.se\/wp-content\/uploads\/2023\/12\/IMG_2396-scaled.jpg'><img loading=\"lazy\" decoding=\"async\" width=\"150\" height=\"150\" src=\"https:\/\/hemmaspanska.se\/wp-content\/uploads\/2023\/12\/IMG_2396-150x150.jpg\" class=\"attachment-thumbnail size-thumbnail\" alt=\"\" srcset=\"https:\/\/hemmaspanska.se\/wp-content\/uploads\/2023\/12\/IMG_2396-150x150.jpg 150w, https:\/\/hemmaspanska.se\/wp-content\/uploads\/2023\/12\/IMG_2396-300x300.jpg 300w, https:\/\/hemmaspanska.se\/wp-content\/uploads\/2023\/12\/IMG_2396-100x100.jpg 100w\" sizes=\"(max-width: 150px) 100vw, 150px\" \/><\/a>\n\t\t\t<\/div><\/figure><figure class='gallery-item'>\n\t\t\t<div class='gallery-icon portrait'>\n\t\t\t\t<a data-elementor-open-lightbox=\"yes\" data-elementor-lightbox-slideshow=\"7108940\" data-elementor-lightbox-title=\"IMG_8464\" data-e-action-hash=\"#elementor-action%3Aaction%3Dlightbox%26settings%3DeyJpZCI6MzIyMiwidXJsIjoiaHR0cHM6XC9cL2hlbW1hc3BhbnNrYS5zZVwvd3AtY29udGVudFwvdXBsb2Fkc1wvMjAyM1wvMTJcL0lNR184NDY0LXNjYWxlZC5qcGciLCJzbGlkZXNob3ciOiI3MTA4OTQwIn0%3D\" href='https:\/\/hemmaspanska.se\/wp-content\/uploads\/2023\/12\/IMG_8464-scaled.jpg'><img loading=\"lazy\" decoding=\"async\" width=\"150\" height=\"150\" src=\"https:\/\/hemmaspanska.se\/wp-content\/uploads\/2023\/12\/IMG_8464-150x150.jpg\" class=\"attachment-thumbnail size-thumbnail\" alt=\"\" srcset=\"https:\/\/hemmaspanska.se\/wp-content\/uploads\/2023\/12\/IMG_8464-150x150.jpg 150w, https:\/\/hemmaspanska.se\/wp-content\/uploads\/2023\/12\/IMG_8464-300x300.jpg 300w, https:\/\/hemmaspanska.se\/wp-content\/uploads\/2023\/12\/IMG_8464-100x100.jpg 100w\" sizes=\"(max-width: 150px) 100vw, 150px\" \/><\/a>\n\t\t\t<\/div><\/figure>\n\t\t<\/div>\n\t\t<\/div>\n\t\t\t\t<\/div>\n\t\t\t\t<\/div>\n\t\t\t\t<\/div>\n\t\t<div class=\"elementor-element elementor-element-d88841b e-flex e-con-boxed e-con e-parent\" data-id=\"d88841b\" data-element_type=\"container\" data-settings=\"{&quot;content_width&quot;:&quot;boxed&quot;}\" data-core-v316-plus=\"true\">\n\t\t\t\t\t<div class=\"e-con-inner\">\n\t\t\t\t<div class=\"elementor-element elementor-element-1702496 elementor-widget elementor-widget-button\" data-id=\"1702496\" data-element_type=\"widget\" data-widget_type=\"button.default\">\n\t\t\t\t<div class=\"elementor-widget-container\">\n\t\t\t\t\t<div class=\"elementor-button-wrapper\">\n\t\t\t<a class=\"elementor-button elementor-button-link elementor-size-md\" href=\"https:\/\/hemmaspanska.se\/?page_id=3420\">\n\t\t\t\t\t\t<span class=\"elementor-button-content-wrapper\">\n\t\t\t\t\t\t<span class=\"elementor-button-icon elementor-align-icon-right\">\n\t\t\t\t<svg aria-hidden=\"true\" class=\"e-font-icon-svg e-far-sun\" viewBox=\"0 0 512 512\" xmlns=\"http:\/\/www.w3.org\/2000\/svg\"><path d=\"M494.2 221.9l-59.8-40.5 13.7-71c2.6-13.2-1.6-26.8-11.1-36.4-9.6-9.5-23.2-13.7-36.2-11.1l-70.9 13.7-40.4-59.9c-15.1-22.3-51.9-22.3-67 0l-40.4 59.9-70.8-13.7C98 60.4 84.5 64.5 75 74.1c-9.5 9.6-13.7 23.1-11.1 36.3l13.7 71-59.8 40.5C6.6 229.5 0 242 0 255.5s6.7 26 17.8 33.5l59.8 40.5-13.7 71c-2.6 13.2 1.6 26.8 11.1 36.3 9.5 9.5 22.9 13.7 36.3 11.1l70.8-13.7 40.4 59.9C230 505.3 242.6 512 256 512s26-6.7 33.5-17.8l40.4-59.9 70.9 13.7c13.4 2.7 26.8-1.6 36.3-11.1 9.5-9.5 13.6-23.1 11.1-36.3l-13.7-71 59.8-40.5c11.1-7.5 17.8-20.1 17.8-33.5-.1-13.6-6.7-26.1-17.9-33.7zm-112.9 85.6l17.6 91.2-91-17.6L256 458l-51.9-77-90.9 17.6 17.6-91.2-76.8-52 76.8-52-17.6-91.2 91 17.6L256 53l51.9 76.9 91-17.6-17.6 91.1 76.8 52-76.8 52.1zM256 152c-57.3 0-104 46.7-104 104s46.7 104 104 104 104-46.7 104-104-46.7-104-104-104zm0 160c-30.9 0-56-25.1-56-56s25.1-56 56-56 56 25.1 56 56-25.1 56-56 56z\"><\/path><\/svg>\t\t\t<\/span>\n\t\t\t\t\t\t<span class=\"elementor-button-text\">Intresseanm\u00e4lan<\/span>\n\t\t<\/span>\n\t\t\t\t\t<\/a>\n\t\t<\/div>\n\t\t\t\t<\/div>\n\t\t\t\t<\/div>\n\t\t\t\t\t<\/div>\n\t\t\t\t<\/div>\n\t\t\t\t\t\t\t<\/div>\n\t\t","protected":false},"excerpt":{"rendered":"<p>Kurser I dagsl\u00e4get erbjuds\u00a0 tv\u00e5 slags kurser: ALLM\u00c4N SPANSKA och KONVERSATION. Men, h\u00f6r g\u00e4rna av er om ni \u00e4r en grupp som har andra id\u00e9er eller \u00f6nskem\u00e5l; en bokcirkel, filmklubb etc, jag tycker det \u00e4r kul att prova annorlunda metoder f\u00f6r att l\u00e4ra spr\u00e5k. ALLM\u00c4N SPANSKA: 55 min, h\u00e4r \u00f6vas alla f\u00e4rdigheter: Prata, Lyssna, L\u00e4sa &hellip;<\/p>\n<p class=\"read-more\"> <a class=\"\" href=\"https:\/\/hemmaspanska.se\/?page_id=3210\"> <span class=\"screen-reader-text\">Kurser<\/span> L\u00e4s mer &raquo;<\/a><\/p>\n","protected":false},"author":1,"featured_media":0,"parent":0,"menu_order":0,"comment_status":"closed","ping_status":"closed","template":"","meta":{"site-sidebar-layout":"no-sidebar","site-content-layout":"page-builder","ast-site-content-layout":"full-width-container","site-content-style":"default","site-sidebar-style":"default","ast-global-header-display":"","ast-banner-title-visibility":"","ast-main-header-display":"","ast-hfb-above-header-display":"","ast-hfb-below-header-display":"","ast-hfb-mobile-header-display":"","site-post-title":"disabled","ast-breadcrumbs-content":"","ast-featured-img":"disabled","footer-sml-layout":"","theme-transparent-header-meta":"","adv-header-id-meta":"","stick-header-meta":"","header-above-stick-meta":"","header-main-stick-meta":"","header-below-stick-meta":"","astra-migrate-meta-layouts":"set","ast-page-background-enabled":"default","ast-page-background-meta":{"desktop":{"background-color":"","background-image":"","background-repeat":"repeat","background-position":"center center","background-size":"auto","background-attachment":"scroll","background-type":"","background-media":"","overlay-type":"","overlay-color":"","overlay-gradient":""},"tablet":{"background-color":"","background-image":"","background-repeat":"repeat","background-position":"center center","background-size":"auto","background-attachment":"scroll","background-type":"","background-media":"","overlay-type":"","overlay-color":"","overlay-gradient":""},"mobile":{"background-color":"","background-image":"","background-repeat":"repeat","background-position":"center center","background-size":"auto","background-attachment":"scroll","background-type":"","background-media":"","overlay-type":"","overlay-color":"","overlay-gradient":""}},"ast-content-background-meta":{"desktop":{"background-color":"var(--ast-global-color-5)","background-image":"","background-repeat":"repeat","background-position":"center center","background-size":"auto","background-attachment":"scroll","background-type":"","background-media":"","overlay-type":"","overlay-color":"","overlay-gradient":""},"tablet":{"background-color":"var(--ast-global-color-5)","background-image":"","background-repeat":"repeat","background-position":"center center","background-size":"auto","background-attachment":"scroll","background-type":"","background-media":"","overlay-type":"","overlay-color":"","overlay-gradient":""},"mobile":{"background-color":"var(--ast-global-color-5)","background-image":"","background-repeat":"repeat","background-position":"center center","background-size":"auto","background-attachment":"scroll","background-type":"","background-media":"","overlay-type":"","overlay-color":"","overlay-gradient":""}},"footnotes":""},"_links":{"self":[{"href":"https:\/\/hemmaspanska.se\/index.php?rest_route=\/wp\/v2\/pages\/3210"}],"collection":[{"href":"https:\/\/hemmaspanska.se\/index.php?rest_route=\/wp\/v2\/pages"}],"about":[{"href":"https:\/\/hemmaspanska.se\/index.php?rest_route=\/wp\/v2\/types\/page"}],"author":[{"embeddable":true,"href":"https:\/\/hemmaspanska.se\/index.php?rest_route=\/wp\/v2\/users\/1"}],"replies":[{"embeddable":true,"href":"https:\/\/hemmaspanska.se\/index.php?rest_route=%2Fwp%2Fv2%2Fcomments&post=3210"}],"version-history":[{"count":142,"href":"https:\/\/hemmaspanska.se\/index.php?rest_route=\/wp\/v2\/pages\/3210\/revisions"}],"predecessor-version":[{"id":4137,"href":"https:\/\/hemmaspanska.se\/index.php?rest_route=\/wp\/v2\/pages\/3210\/revisions\/4137"}],"wp:attachment":[{"href":"https:\/\/hemmaspanska.se\/index.php?rest_route=%2Fwp%2Fv2%2Fmedia&parent=3210"}],"curies":[{"name":"wp","href":"https:\/\/api.w.org\/{rel}","templated":true}]}}