{"id":96,"date":"2018-06-18T06:57:57","date_gmt":"2018-06-18T06:57:57","guid":{"rendered":"https:\/\/hemmaspanska.se\/?page_id=96"},"modified":"2025-03-23T20:45:11","modified_gmt":"2025-03-23T20:45:11","slug":"about","status":"publish","type":"page","link":"https:\/\/hemmaspanska.se\/?page_id=96","title":{"rendered":"About"},"content":{"rendered":"\t\t<div data-elementor-type=\"wp-post\" data-elementor-id=\"96\" class=\"elementor elementor-96\">\n\t\t\t\t\t\t\t<div class=\"elementor-element elementor-element-80118c3 e-flex e-con-boxed e-con e-parent\" data-id=\"80118c3\" data-element_type=\"container\" data-settings=\"{&quot;content_width&quot;:&quot;boxed&quot;}\" data-core-v316-plus=\"true\">\n\t\t\t\t\t<div class=\"e-con-inner\">\n\t\t\t\t<div class=\"elementor-element elementor-element-8a277ec elementor-widget elementor-widget-text-editor\" data-id=\"8a277ec\" data-element_type=\"widget\" data-widget_type=\"text-editor.default\">\n\t\t\t\t<div class=\"elementor-widget-container\">\n\t\t\t<style>\/*! elementor - v3.18.0 - 20-12-2023 *\/\n.elementor-widget-text-editor.elementor-drop-cap-view-stacked .elementor-drop-cap{background-color:#69727d;color:#fff}.elementor-widget-text-editor.elementor-drop-cap-view-framed .elementor-drop-cap{color:#69727d;border:3px solid;background-color:transparent}.elementor-widget-text-editor:not(.elementor-drop-cap-view-default) .elementor-drop-cap{margin-top:8px}.elementor-widget-text-editor:not(.elementor-drop-cap-view-default) .elementor-drop-cap-letter{width:1em;height:1em}.elementor-widget-text-editor .elementor-drop-cap{float:left;text-align:center;line-height:1;font-size:50px}.elementor-widget-text-editor .elementor-drop-cap-letter{display:inline-block}<\/style>\t\t\t\t<h2><i><span style=\"font-family: ABeeZee;\">Om mig<img fetchpriority=\"high\" decoding=\"async\" class=\"wp-image-4196 size-medium alignright\" src=\"https:\/\/hemmaspanska.se\/wp-content\/uploads\/2025\/03\/Hemmaspanska-e1742762460859-250x300.jpg\" alt=\"\" width=\"250\" height=\"300\" data-wp-editing=\"1\" srcset=\"https:\/\/hemmaspanska.se\/wp-content\/uploads\/2025\/03\/Hemmaspanska-e1742762460859-250x300.jpg 250w, https:\/\/hemmaspanska.se\/wp-content\/uploads\/2025\/03\/Hemmaspanska-e1742762460859-600x719.jpg 600w, https:\/\/hemmaspanska.se\/wp-content\/uploads\/2025\/03\/Hemmaspanska-e1742762460859.jpg 662w\" sizes=\"(max-width: 250px) 100vw, 250px\" \/><\/span><\/i><\/h2><p><i><span style=\"font-family: ABeeZee;\">Hola todos<br \/><\/span><\/i><i style=\"font-weight: inherit; text-align: var(--text-align); color: var(--ast-global-color-3);\"><span style=\"font-family: ABeeZee;\">Santander, <br \/>M\u00e1laga, <br \/>Torremolinos,<br \/><\/span><\/i><i style=\"font-weight: inherit; text-align: var(--text-align); color: var(--ast-global-color-3);\"><span style=\"font-family: ABeeZee;\">Pamplona,<br \/>Barcelona,<br \/>Nerja,<br \/>Madrid,<br \/>Benalm\u00e1dena,<br \/>C\u00e1diz, <br \/>Jaca, <br \/>Alcal\u00e1 de Henares, <br \/>Gran Canaria, <br \/>Alcudia,<br \/><\/span><\/i><i style=\"font-weight: inherit; text-align: var(--text-align); color: var(--ast-global-color-3);\"><span style=\"font-family: ABeeZee;\">Las Palmas,<br \/>V\u00e9lez M\u00e1laga och Torre del Mar.<\/span><\/i><\/p><p><i><span style=\"font-family: ABeeZee;\">Dessa platser och deras inv\u00e5nare \u00e4r anledningarna till att jag vill hj\u00e4lpa just dig att n\u00e5 s\u00e5 l\u00e5ngt som m\u00f6jligt med din spanska!<br \/>Jag \u00e4r legitimerad l\u00e4rare i spanska och engelska, har jobbat 25 \u00e5r som spr\u00e5kl\u00e4rare inom fr\u00e4mst vuxenutbildning b\u00e5de i Sverige och i Spanien, i klassrum och online, med grupper p\u00e5 1-32 elever i \u00e5ldrarna 7-72 \u00e5r.<br \/><\/span><\/i><i style=\"font-weight: inherit; text-align: var(--text-align); color: var(--ast-global-color-3);\"><span style=\"font-family: ABeeZee;\">Som l\u00e4rare har jag outt\u00f6mlig energi; du kan lita p\u00e5 att jag aldrig ger upp!\u00a0<\/span><\/i><i style=\"font-weight: inherit; text-align: var(--text-align); color: var(--ast-global-color-3);\"><span style=\"font-family: ABeeZee;\">Mina lektioner \u00e4r varierande och alltid elevaktiva; mitt m\u00e5l \u00e4r att du som <\/span><\/i><i style=\"font-weight: inherit; text-align: var(--text-align); color: var(--ast-global-color-3);\"><span style=\"font-family: ABeeZee;\">elev ska ha pratat mer \u00e4n mig under lektionen! (P\u00e5 spanska s\u00e5 klart<\/span>\u2026<\/i><i style=\"font-weight: inherit; text-align: var(--text-align); color: var(--ast-global-color-3);\"><span style=\"font-family: ABeeZee;\">)<\/span><\/i><\/p><p><i><span style=\"font-family: ABeeZee;\">Det finns alldeles f\u00f6r m\u00e5nga tappade spanska-sugar; man b\u00f6rjar en kurs, l\u00e4r sig h\u00e4lsningsfraser och sedan b\u00f6rjar deltagarna droppa av och man sj\u00e4lv hinner inte riktigt med spanskan men \u00f6nskan att l\u00e4ra sig finns kvar.<br \/><\/span><\/i><i style=\"font-weight: inherit; text-align: var(--text-align); color: var(--ast-global-color-3);\"><span style=\"font-family: ABeeZee;\">Mitt m\u00e5l som l\u00e4rare \u00e4r att du ska ta dig bortom tr\u00f6skeln efter nyb\u00f6rjarstadiet;\u00a0<\/span><\/i><i style=\"font-weight: inherit; text-align: var(--text-align); color: var(--ast-global-color-3);\"><span style=\"font-family: ABeeZee;\">den d\u00e4r jobbiga perioden d\u00e5 det k\u00e4nns som att du inte g\u00f6r framsteg fast\u00e4n du g\u00f6r det,\u00a0<\/span><\/i><i style=\"font-weight: inherit; text-align: var(--text-align); color: var(--ast-global-color-3);\"><span style=\"font-family: ABeeZee;\">det g\u00e5r bara lite l\u00e5ngsammare \u00e4n i b\u00f6rjan.<\/span><\/i><\/p><p><i style=\"font-weight: inherit; text-align: var(--text-align); color: var(--ast-global-color-3);\"><span style=\"font-family: ABeeZee;\">Jag kommer att peppa, utmana,\u00a0<\/span><\/i><i style=\"font-weight: inherit; text-align: var(--text-align); color: var(--ast-global-color-3);\"><span style=\"font-family: ABeeZee;\">pusha, uppmuntra och st\u00f6tta dig, hela v\u00e4gen tills du n\u00e5tt ditt m\u00e5l!<\/span><\/i><\/p><p><i><span style=\"font-family: ABeeZee;\">\u00bfVamos?<\/span><\/i><\/p><p><i><\/i><span style=\"font-family: ABeeZee;\">\u00c5sa <\/span><span style=\"font-family: 'Segoe UI Symbol',sans-serif; mso-bidi-font-family: 'Segoe UI Symbol'; color: #ffc000; mso-effects-shadow-color: black; mso-effects-shadow-alpha: 50.0%; mso-effects-shadow-dpiradius: 5.0pt; mso-effects-shadow-dpidistance: 4.0pt; mso-effects-shadow-angledirection: 13500000; mso-effects-shadow-align: none; mso-effects-shadow-pctsx: 0%; mso-effects-shadow-pctsy: 0%; mso-effects-shadow-anglekx: 0; mso-effects-shadow-angleky: 0;\">\u2600<\/span><\/p><p><img decoding=\"async\" class=\"aligncenter wp-image-3500 size-large\" src=\"https:\/\/hemmaspanska.se\/wp-content\/uploads\/2024\/06\/sprakinlarning-1024x618.png\" alt=\"\" width=\"1024\" height=\"618\" srcset=\"https:\/\/hemmaspanska.se\/wp-content\/uploads\/2024\/06\/sprakinlarning-1024x618.png 1024w, https:\/\/hemmaspanska.se\/wp-content\/uploads\/2024\/06\/sprakinlarning-300x181.png 300w, https:\/\/hemmaspanska.se\/wp-content\/uploads\/2024\/06\/sprakinlarning-768x463.png 768w, https:\/\/hemmaspanska.se\/wp-content\/uploads\/2024\/06\/sprakinlarning-600x362.png 600w, https:\/\/hemmaspanska.se\/wp-content\/uploads\/2024\/06\/sprakinlarning.png 1170w\" sizes=\"(max-width: 1024px) 100vw, 1024px\" \/><\/p><p class=\"MsoNormal\"><i><span style=\"font-family: ABeeZee;\">\u00a0<\/span><\/i><\/p>\t\t\t\t\t\t<\/div>\n\t\t\t\t<\/div>\n\t\t\t\t\t<\/div>\n\t\t\t\t<\/div>\n\t\t\t\t\t\t\t<\/div>\n\t\t","protected":false},"excerpt":{"rendered":"<p>Om mig Hola todosSantander, M\u00e1laga, Torremolinos,Pamplona,Barcelona,Nerja,Madrid,Benalm\u00e1dena,C\u00e1diz, Jaca, Alcal\u00e1 de Henares, Gran Canaria, Alcudia,Las Palmas,V\u00e9lez M\u00e1laga och Torre del Mar. Dessa platser och deras inv\u00e5nare \u00e4r anledningarna till att jag vill hj\u00e4lpa just dig att n\u00e5 s\u00e5 l\u00e5ngt som m\u00f6jligt med din spanska!Jag \u00e4r legitimerad l\u00e4rare i spanska och engelska, har jobbat 25 \u00e5r som spr\u00e5kl\u00e4rare &hellip;<\/p>\n<p class=\"read-more\"> <a class=\"\" href=\"https:\/\/hemmaspanska.se\/?page_id=96\"> <span class=\"screen-reader-text\">About<\/span> L\u00e4s mer &raquo;<\/a><\/p>\n","protected":false},"author":1,"featured_media":0,"parent":0,"menu_order":0,"comment_status":"closed","ping_status":"closed","template":"","meta":{"site-sidebar-layout":"no-sidebar","site-content-layout":"page-builder","ast-site-content-layout":"full-width-container","site-content-style":"unboxed","site-sidebar-style":"unboxed","ast-global-header-display":"","ast-banner-title-visibility":"","ast-main-header-display":"","ast-hfb-above-header-display":"","ast-hfb-below-header-display":"","ast-hfb-mobile-header-display":"","site-post-title":"disabled","ast-breadcrumbs-content":"","ast-featured-img":"disabled","footer-sml-layout":"","theme-transparent-header-meta":"enabled","adv-header-id-meta":"","stick-header-meta":"","header-above-stick-meta":"","header-main-stick-meta":"","header-below-stick-meta":"","astra-migrate-meta-layouts":"set","ast-page-background-enabled":"default","ast-page-background-meta":{"desktop":{"background-color":"","background-image":"","background-repeat":"repeat","background-position":"center center","background-size":"auto","background-attachment":"scroll","background-type":"","background-media":"","overlay-type":"","overlay-color":"","overlay-gradient":""},"tablet":{"background-color":"","background-image":"","background-repeat":"repeat","background-position":"center center","background-size":"auto","background-attachment":"scroll","background-type":"","background-media":"","overlay-type":"","overlay-color":"","overlay-gradient":""},"mobile":{"background-color":"","background-image":"","background-repeat":"repeat","background-position":"center center","background-size":"auto","background-attachment":"scroll","background-type":"","background-media":"","overlay-type":"","overlay-color":"","overlay-gradient":""}},"ast-content-background-meta":{"desktop":{"background-color":"var(--ast-global-color-5)","background-image":"","background-repeat":"repeat","background-position":"center center","background-size":"auto","background-attachment":"scroll","background-type":"","background-media":"","overlay-type":"","overlay-color":"","overlay-gradient":""},"tablet":{"background-color":"var(--ast-global-color-5)","background-image":"","background-repeat":"repeat","background-position":"center center","background-size":"auto","background-attachment":"scroll","background-type":"","background-media":"","overlay-type":"","overlay-color":"","overlay-gradient":""},"mobile":{"background-color":"var(--ast-global-color-5)","background-image":"","background-repeat":"repeat","background-position":"center center","background-size":"auto","background-attachment":"scroll","background-type":"","background-media":"","overlay-type":"","overlay-color":"","overlay-gradient":""}},"footnotes":""},"_links":{"self":[{"href":"https:\/\/hemmaspanska.se\/index.php?rest_route=\/wp\/v2\/pages\/96"}],"collection":[{"href":"https:\/\/hemmaspanska.se\/index.php?rest_route=\/wp\/v2\/pages"}],"about":[{"href":"https:\/\/hemmaspanska.se\/index.php?rest_route=\/wp\/v2\/types\/page"}],"author":[{"embeddable":true,"href":"https:\/\/hemmaspanska.se\/index.php?rest_route=\/wp\/v2\/users\/1"}],"replies":[{"embeddable":true,"href":"https:\/\/hemmaspanska.se\/index.php?rest_route=%2Fwp%2Fv2%2Fcomments&post=96"}],"version-history":[{"count":114,"href":"https:\/\/hemmaspanska.se\/index.php?rest_route=\/wp\/v2\/pages\/96\/revisions"}],"predecessor-version":[{"id":4208,"href":"https:\/\/hemmaspanska.se\/index.php?rest_route=\/wp\/v2\/pages\/96\/revisions\/4208"}],"wp:attachment":[{"href":"https:\/\/hemmaspanska.se\/index.php?rest_route=%2Fwp%2Fv2%2Fmedia&parent=96"}],"curies":[{"name":"wp","href":"https:\/\/api.w.org\/{rel}","templated":true}]}}